{"id":106,"date":"2022-09-27T11:13:40","date_gmt":"2022-09-27T11:13:40","guid":{"rendered":"https:\/\/johannesreiner.com\/?page_id=106"},"modified":"2025-06-03T10:22:50","modified_gmt":"2025-06-03T08:22:50","slug":"kontakt","status":"publish","type":"page","link":"https:\/\/johannesreiner.com\/?page_id=106","title":{"rendered":"Kontakt"},"content":{"rendered":"\t\t<div data-elementor-type=\"wp-page\" data-elementor-id=\"106\" class=\"elementor elementor-106\">\n\t\t\t\t\t\t<section class=\"elementor-section elementor-top-section elementor-element elementor-element-10bf377 elementor-section-boxed elementor-section-height-default elementor-section-height-default\" data-id=\"10bf377\" data-element_type=\"section\">\n\t\t\t\t\t\t<div class=\"elementor-container elementor-column-gap-default\">\n\t\t\t\t\t<div class=\"elementor-column elementor-col-100 elementor-top-column elementor-element elementor-element-d4f8519\" data-id=\"d4f8519\" data-element_type=\"column\">\n\t\t\t<div class=\"elementor-widget-wrap elementor-element-populated\">\n\t\t\t\t\t\t<div class=\"elementor-element elementor-element-5bc3702 elementor-widget elementor-widget-google_maps\" data-id=\"5bc3702\" data-element_type=\"widget\" data-widget_type=\"google_maps.default\">\n\t\t\t\t<div class=\"elementor-widget-container\">\n\t\t\t\t\t\t\t<div class=\"elementor-custom-embed\">\n\t\t\t<iframe loading=\"lazy\"\n\t\t\t\t\tsrc=\"https:\/\/maps.google.com\/maps?q=Gie%C3%9Fstra%C3%9Fe%2009%2072361%20Hausen%20am%20Tann&#038;t=m&#038;z=18&#038;output=embed&#038;iwloc=near\"\n\t\t\t\t\ttitle=\"Gie\u00dfstra\u00dfe 09 72361 Hausen am Tann\"\n\t\t\t\t\taria-label=\"Gie\u00dfstra\u00dfe 09 72361 Hausen am Tann\"\n\t\t\t><\/iframe>\n\t\t<\/div>\n\t\t\t\t\t\t<\/div>\n\t\t\t\t<\/div>\n\t\t\t\t\t<\/div>\n\t\t<\/div>\n\t\t\t\t\t<\/div>\n\t\t<\/section>\n\t\t\t\t<section class=\"elementor-section elementor-top-section elementor-element elementor-element-6fe7d5d elementor-section-full_width elementor-section-height-min-height elementor-section-content-middle elementor-section-height-default elementor-section-items-middle\" data-id=\"6fe7d5d\" data-element_type=\"section\">\n\t\t\t\t\t\t<div class=\"elementor-container elementor-column-gap-default\">\n\t\t\t\t\t<main class=\"elementor-column elementor-col-100 elementor-top-column elementor-element elementor-element-06170fc\" data-id=\"06170fc\" data-element_type=\"column\">\n\t\t\t<div class=\"elementor-widget-wrap elementor-element-populated\">\n\t\t\t\t\t\t<div class=\"elementor-element elementor-element-56524e0 elementor-widget elementor-widget-wpforms\" data-id=\"56524e0\" data-element_type=\"widget\" data-widget_type=\"wpforms.default\">\n\t\t\t\t<div class=\"elementor-widget-container\">\n\t\t\t\t\t<div class=\"wpforms-container wpforms-container-full wpforms-render-modern\" id=\"wpforms-440\"><form id=\"wpforms-form-440\" class=\"wpforms-validate wpforms-form wpforms-ajax-form\" data-formid=\"440\" method=\"post\" enctype=\"multipart\/form-data\" action=\"\/index.php?rest_route=%2Fwp%2Fv2%2Fpages%2F106\" data-token=\"b9a5fc3cec2ba55cfc700281ce8431e8\" data-token-time=\"1776761688\"><noscript class=\"wpforms-error-noscript\">Bitte aktiviere JavaScript in deinem Browser, um dieses Formular fertigzustellen.<\/noscript><div id=\"wpforms-error-noscript\" style=\"display: none;\">Bitte aktiviere JavaScript in deinem Browser, um dieses Formular fertigzustellen.<\/div><div class=\"wpforms-field-container\">\t\t<div id=\"wpforms-440-field_5-container\"\n\t\t\tclass=\"wpforms-field wpforms-field-text\"\n\t\t\tdata-field-type=\"text\"\n\t\t\tdata-field-id=\"5\"\n\t\t\t>\n\t\t\t<label class=\"wpforms-field-label\" for=\"wpforms-440-field_5\" >DSGVO-Einverst\u00e4ndnis oder Name<\/label>\n\t\t\t<input type=\"text\" id=\"wpforms-440-field_5\" class=\"wpforms-field-medium\" name=\"wpforms[fields][5]\" >\n\t\t<\/div>\n\t\t<div id=\"wpforms-440-field_1-container\" class=\"wpforms-field wpforms-field-name wpforms-one-half wpforms-first\" data-field-id=\"1\"><fieldset><legend class=\"wpforms-field-label\">Name <span class=\"wpforms-required-label\" aria-hidden=\"true\">*<\/span><\/legend><div class=\"wpforms-field-row wpforms-field-large\"><div class=\"wpforms-field-row-block wpforms-first wpforms-one-half\"><input type=\"text\" id=\"wpforms-440-field_1\" class=\"wpforms-field-name-first wpforms-field-required\" name=\"wpforms[fields][1][first]\" aria-errormessage=\"wpforms-440-field_1-error\" required><label for=\"wpforms-440-field_1\" class=\"wpforms-field-sublabel after\">Vorname<\/label><\/div><div class=\"wpforms-field-row-block wpforms-one-half\"><input type=\"text\" id=\"wpforms-440-field_1-last\" class=\"wpforms-field-name-last wpforms-field-required\" name=\"wpforms[fields][1][last]\" aria-errormessage=\"wpforms-440-field_1-last-error\" required><label for=\"wpforms-440-field_1-last\" class=\"wpforms-field-sublabel after\">Nachname<\/label><\/div><\/div><\/fieldset><\/div><div id=\"wpforms-440-field_2-container\" class=\"wpforms-field wpforms-field-email\" data-field-id=\"2\"><label class=\"wpforms-field-label\" for=\"wpforms-440-field_2\">E-Mail <span class=\"wpforms-required-label\" aria-hidden=\"true\">*<\/span><\/label><input type=\"email\" id=\"wpforms-440-field_2\" class=\"wpforms-field-large wpforms-field-required\" name=\"wpforms[fields][2]\" spellcheck=\"false\" aria-errormessage=\"wpforms-440-field_2-error\" required><\/div><div id=\"wpforms-440-field_3-container\" class=\"wpforms-field wpforms-field-textarea\" data-field-id=\"3\"><label class=\"wpforms-field-label\" for=\"wpforms-440-field_3\">Kommentar oder Nachricht<\/label><textarea id=\"wpforms-440-field_3\" class=\"wpforms-field-large\" name=\"wpforms[fields][3]\" aria-errormessage=\"wpforms-440-field_3-error\" ><\/textarea><\/div><div id=\"wpforms-440-field_4-container\" class=\"wpforms-field wpforms-field-gdpr-checkbox\" data-field-id=\"4\"><label class=\"wpforms-field-label\">DSGVO-Einverst\u00e4ndnis <span class=\"wpforms-required-label\" aria-hidden=\"true\">*<\/span><\/label><ul id=\"wpforms-440-field_4\" class=\"wpforms-field-required\"><li class=\"choice-1\"><input type=\"checkbox\" id=\"wpforms-440-field_4_1\" name=\"wpforms[fields][4][]\" value=\"Ich willige ein, dass diese Website meine \u00fcbermittelten Informationen speichert, sodass meine Anfrage beantwortet werden kann.\" aria-errormessage=\"wpforms-440-field_4_1-error\" required ><label class=\"wpforms-field-label-inline\" for=\"wpforms-440-field_4_1\">Ich willige ein, dass diese Website meine \u00fcbermittelten Informationen speichert, sodass meine Anfrage beantwortet werden kann.<\/label><\/li><\/ul><\/div><script>\n\t\t\t\t( function() {\n\t\t\t\t\tconst style = document.createElement( 'style' );\n\t\t\t\t\tstyle.appendChild( document.createTextNode( '#wpforms-440-field_5-container { position: absolute !important; overflow: hidden !important; display: inline !important; height: 1px !important; width: 1px !important; z-index: -1000 !important; padding: 0 !important; } #wpforms-440-field_5-container input { visibility: hidden; } #wpforms-conversational-form-page #wpforms-440-field_5-container label { counter-increment: none; }' ) );\n\t\t\t\t\tdocument.head.appendChild( style );\n\t\t\t\t\tdocument.currentScript?.remove();\n\t\t\t\t} )();\n\t\t\t<\/script><\/div><!-- .wpforms-field-container --><div class=\"wpforms-submit-container\" ><input type=\"hidden\" name=\"wpforms[id]\" value=\"440\"><input type=\"hidden\" name=\"page_title\" value=\"\"><input type=\"hidden\" name=\"page_url\" value=\"https:\/\/johannesreiner.com\/index.php?rest_route=\/wp\/v2\/pages\/106\"><input type=\"hidden\" name=\"url_referer\" value=\"\"><button type=\"submit\" name=\"wpforms[submit]\" id=\"wpforms-submit-440\" class=\"wpforms-submit\" data-alt-text=\"Senden\u2026\" data-submit-text=\"Absenden\" aria-live=\"assertive\" value=\"wpforms-submit\">Absenden<\/button><img decoding=\"async\" src=\"https:\/\/johannesreiner.com\/wp-content\/plugins\/wpforms-lite\/assets\/images\/submit-spin.svg\" class=\"wpforms-submit-spinner\" style=\"display: none;\" width=\"26\" height=\"26\" alt=\"Wird geladen\"><\/div><\/form><\/div>  <!-- .wpforms-container -->\t\t\t\t<\/div>\n\t\t\t\t<\/div>\n\t\t\t\t<div class=\"elementor-element elementor-element-408e011 elementor-widget elementor-widget-text-editor\" data-id=\"408e011\" data-element_type=\"widget\" data-widget_type=\"text-editor.default\">\n\t\t\t\t<div class=\"elementor-widget-container\">\n\t\t\t\t\t\t\t\t\t<p>Wenn ihr Anfragen, W\u00fcnsche oder Anregungen habt, meldet euch bei:<\/p><p><strong>Kontakt<\/strong><\/p><p><strong>Johannes Reiner<\/strong><\/p><p><strong>Kunst:Erlebnis:Therapie<\/strong><\/p><p><strong>Gie\u00dfstra\u00dfe 09<\/strong><\/p><p><strong>72361 Hausen am Tann<\/strong><\/p><p><strong>mail: info@johannesreiner.com<\/strong><\/p><p><strong>phone: 0175 1488447<\/strong><\/p>\t\t\t\t\t\t\t\t<\/div>\n\t\t\t\t<\/div>\n\t\t\t\t\t<\/div>\n\t\t<\/main>\n\t\t\t\t\t<\/div>\n\t\t<\/section>\n\t\t\t\t<section class=\"elementor-section elementor-top-section elementor-element elementor-element-178e9ad elementor-section-boxed elementor-section-height-default elementor-section-height-default\" data-id=\"178e9ad\" data-element_type=\"section\">\n\t\t\t\t\t\t<div class=\"elementor-container elementor-column-gap-default\">\n\t\t\t\t\t<div class=\"elementor-column elementor-col-100 elementor-top-column elementor-element elementor-element-420c0da\" data-id=\"420c0da\" data-element_type=\"column\">\n\t\t\t<div class=\"elementor-widget-wrap\">\n\t\t\t\t\t\t\t<\/div>\n\t\t<\/div>\n\t\t\t\t\t<\/div>\n\t\t<\/section>\n\t\t\t\t<\/div>\n\t\t","protected":false},"excerpt":{"rendered":"<p>Bitte aktiviere JavaScript in deinem Browser, um dieses Formular fertigzustellen.Bitte aktiviere JavaScript in deinem Browser, um dieses Formular fertigzustellen. Name * VornameNachname E-Mail *PhoneKommentar oder NachrichtDSGVO-Einverst\u00e4ndnis * Ich willige ein, dass diese Website meine \u00fcbermittelten Informationen speichert, sodass meine Anfrage beantwortet werden kann. Absenden Wenn ihr Anfragen, W\u00fcnsche oder Anregungen habt, meldet euch bei: Kontakt [&hellip;]<\/p>\n","protected":false},"author":1,"featured_media":0,"parent":0,"menu_order":0,"comment_status":"closed","ping_status":"closed","template":"elementor_header_footer","meta":{"footnotes":""},"yoast_head":"<!-- This site is optimized with the Yoast SEO plugin v22.6 - https:\/\/yoast.com\/wordpress\/plugins\/seo\/ -->\n<title>Kontakt - johannesreiner.com<\/title>\n<meta name=\"robots\" content=\"index, follow, max-snippet:-1, max-image-preview:large, max-video-preview:-1\" \/>\n<link rel=\"canonical\" href=\"https:\/\/johannesreiner.com\/?page_id=106\" \/>\n<meta property=\"og:locale\" content=\"de_DE\" \/>\n<meta property=\"og:type\" content=\"article\" \/>\n<meta property=\"og:title\" content=\"Kontakt - johannesreiner.com\" \/>\n<meta property=\"og:description\" content=\"Bitte aktiviere JavaScript in deinem Browser, um dieses Formular fertigzustellen.Bitte aktiviere JavaScript in deinem Browser, um dieses Formular fertigzustellen. Name * VornameNachname E-Mail *PhoneKommentar oder NachrichtDSGVO-Einverst\u00e4ndnis * Ich willige ein, dass diese Website meine \u00fcbermittelten Informationen speichert, sodass meine Anfrage beantwortet werden kann. Absenden Wenn ihr Anfragen, W\u00fcnsche oder Anregungen habt, meldet euch bei: Kontakt [&hellip;]\" \/>\n<meta property=\"og:url\" content=\"https:\/\/johannesreiner.com\/?page_id=106\" \/>\n<meta property=\"og:site_name\" content=\"johannesreiner.com\" \/>\n<meta property=\"article:modified_time\" content=\"2025-06-03T08:22:50+00:00\" \/>\n<meta property=\"og:image\" content=\"https:\/\/johannesreiner.com\/wp-content\/plugins\/wpforms-lite\/assets\/images\/submit-spin.svg\" \/>\n<meta name=\"twitter:card\" content=\"summary_large_image\" \/>\n<meta name=\"twitter:label1\" content=\"Gesch\u00e4tzte Lesezeit\" \/>\n\t<meta name=\"twitter:data1\" content=\"1 Minute\" \/>\n<script type=\"application\/ld+json\" class=\"yoast-schema-graph\">{\"@context\":\"https:\/\/schema.org\",\"@graph\":[{\"@type\":\"WebPage\",\"@id\":\"https:\/\/johannesreiner.com\/?page_id=106\",\"url\":\"https:\/\/johannesreiner.com\/?page_id=106\",\"name\":\"Kontakt - johannesreiner.com\",\"isPartOf\":{\"@id\":\"https:\/\/johannesreiner.com\/#website\"},\"primaryImageOfPage\":{\"@id\":\"https:\/\/johannesreiner.com\/?page_id=106#primaryimage\"},\"image\":{\"@id\":\"https:\/\/johannesreiner.com\/?page_id=106#primaryimage\"},\"thumbnailUrl\":\"https:\/\/johannesreiner.com\/wp-content\/plugins\/wpforms-lite\/assets\/images\/submit-spin.svg\",\"datePublished\":\"2022-09-27T11:13:40+00:00\",\"dateModified\":\"2025-06-03T08:22:50+00:00\",\"breadcrumb\":{\"@id\":\"https:\/\/johannesreiner.com\/?page_id=106#breadcrumb\"},\"inLanguage\":\"de-DE\",\"potentialAction\":[{\"@type\":\"ReadAction\",\"target\":[\"https:\/\/johannesreiner.com\/?page_id=106\"]}]},{\"@type\":\"ImageObject\",\"inLanguage\":\"de-DE\",\"@id\":\"https:\/\/johannesreiner.com\/?page_id=106#primaryimage\",\"url\":\"https:\/\/johannesreiner.com\/wp-content\/plugins\/wpforms-lite\/assets\/images\/submit-spin.svg\",\"contentUrl\":\"https:\/\/johannesreiner.com\/wp-content\/plugins\/wpforms-lite\/assets\/images\/submit-spin.svg\"},{\"@type\":\"BreadcrumbList\",\"@id\":\"https:\/\/johannesreiner.com\/?page_id=106#breadcrumb\",\"itemListElement\":[{\"@type\":\"ListItem\",\"position\":1,\"name\":\"Startseite\",\"item\":\"https:\/\/johannesreiner.com\/\"},{\"@type\":\"ListItem\",\"position\":2,\"name\":\"Kontakt\"}]},{\"@type\":\"WebSite\",\"@id\":\"https:\/\/johannesreiner.com\/#website\",\"url\":\"https:\/\/johannesreiner.com\/\",\"name\":\"johannesreiner.com\",\"description\":\"Kunst:Erlebnis:Therapie\",\"publisher\":{\"@id\":\"https:\/\/johannesreiner.com\/#organization\"},\"potentialAction\":[{\"@type\":\"SearchAction\",\"target\":{\"@type\":\"EntryPoint\",\"urlTemplate\":\"https:\/\/johannesreiner.com\/?s={search_term_string}\"},\"query-input\":\"required name=search_term_string\"}],\"inLanguage\":\"de-DE\"},{\"@type\":\"Organization\",\"@id\":\"https:\/\/johannesreiner.com\/#organization\",\"name\":\"johannesreiner.com\",\"url\":\"https:\/\/johannesreiner.com\/\",\"logo\":{\"@type\":\"ImageObject\",\"inLanguage\":\"de-DE\",\"@id\":\"https:\/\/johannesreiner.com\/#\/schema\/logo\/image\/\",\"url\":\"https:\/\/johannesreiner.com\/wp-content\/uploads\/2022\/09\/johannesreinercom-logo-banner-200x200-1-e1664295495287.png\",\"contentUrl\":\"https:\/\/johannesreiner.com\/wp-content\/uploads\/2022\/09\/johannesreinercom-logo-banner-200x200-1-e1664295495287.png\",\"width\":150,\"height\":150,\"caption\":\"johannesreiner.com\"},\"image\":{\"@id\":\"https:\/\/johannesreiner.com\/#\/schema\/logo\/image\/\"},\"sameAs\":[\"https:\/\/www.instagram.com\/johannesreinerart\/\"]}]}<\/script>\n<!-- \/ Yoast SEO plugin. -->","yoast_head_json":{"title":"Kontakt - johannesreiner.com","robots":{"index":"index","follow":"follow","max-snippet":"max-snippet:-1","max-image-preview":"max-image-preview:large","max-video-preview":"max-video-preview:-1"},"canonical":"https:\/\/johannesreiner.com\/?page_id=106","og_locale":"de_DE","og_type":"article","og_title":"Kontakt - johannesreiner.com","og_description":"Bitte aktiviere JavaScript in deinem Browser, um dieses Formular fertigzustellen.Bitte aktiviere JavaScript in deinem Browser, um dieses Formular fertigzustellen. Name * VornameNachname E-Mail *PhoneKommentar oder NachrichtDSGVO-Einverst\u00e4ndnis * Ich willige ein, dass diese Website meine \u00fcbermittelten Informationen speichert, sodass meine Anfrage beantwortet werden kann. Absenden Wenn ihr Anfragen, W\u00fcnsche oder Anregungen habt, meldet euch bei: Kontakt [&hellip;]","og_url":"https:\/\/johannesreiner.com\/?page_id=106","og_site_name":"johannesreiner.com","article_modified_time":"2025-06-03T08:22:50+00:00","og_image":[{"url":"https:\/\/johannesreiner.com\/wp-content\/plugins\/wpforms-lite\/assets\/images\/submit-spin.svg"}],"twitter_card":"summary_large_image","twitter_misc":{"Gesch\u00e4tzte Lesezeit":"1 Minute"},"schema":{"@context":"https:\/\/schema.org","@graph":[{"@type":"WebPage","@id":"https:\/\/johannesreiner.com\/?page_id=106","url":"https:\/\/johannesreiner.com\/?page_id=106","name":"Kontakt - johannesreiner.com","isPartOf":{"@id":"https:\/\/johannesreiner.com\/#website"},"primaryImageOfPage":{"@id":"https:\/\/johannesreiner.com\/?page_id=106#primaryimage"},"image":{"@id":"https:\/\/johannesreiner.com\/?page_id=106#primaryimage"},"thumbnailUrl":"https:\/\/johannesreiner.com\/wp-content\/plugins\/wpforms-lite\/assets\/images\/submit-spin.svg","datePublished":"2022-09-27T11:13:40+00:00","dateModified":"2025-06-03T08:22:50+00:00","breadcrumb":{"@id":"https:\/\/johannesreiner.com\/?page_id=106#breadcrumb"},"inLanguage":"de-DE","potentialAction":[{"@type":"ReadAction","target":["https:\/\/johannesreiner.com\/?page_id=106"]}]},{"@type":"ImageObject","inLanguage":"de-DE","@id":"https:\/\/johannesreiner.com\/?page_id=106#primaryimage","url":"https:\/\/johannesreiner.com\/wp-content\/plugins\/wpforms-lite\/assets\/images\/submit-spin.svg","contentUrl":"https:\/\/johannesreiner.com\/wp-content\/plugins\/wpforms-lite\/assets\/images\/submit-spin.svg"},{"@type":"BreadcrumbList","@id":"https:\/\/johannesreiner.com\/?page_id=106#breadcrumb","itemListElement":[{"@type":"ListItem","position":1,"name":"Startseite","item":"https:\/\/johannesreiner.com\/"},{"@type":"ListItem","position":2,"name":"Kontakt"}]},{"@type":"WebSite","@id":"https:\/\/johannesreiner.com\/#website","url":"https:\/\/johannesreiner.com\/","name":"johannesreiner.com","description":"Kunst:Erlebnis:Therapie","publisher":{"@id":"https:\/\/johannesreiner.com\/#organization"},"potentialAction":[{"@type":"SearchAction","target":{"@type":"EntryPoint","urlTemplate":"https:\/\/johannesreiner.com\/?s={search_term_string}"},"query-input":"required name=search_term_string"}],"inLanguage":"de-DE"},{"@type":"Organization","@id":"https:\/\/johannesreiner.com\/#organization","name":"johannesreiner.com","url":"https:\/\/johannesreiner.com\/","logo":{"@type":"ImageObject","inLanguage":"de-DE","@id":"https:\/\/johannesreiner.com\/#\/schema\/logo\/image\/","url":"https:\/\/johannesreiner.com\/wp-content\/uploads\/2022\/09\/johannesreinercom-logo-banner-200x200-1-e1664295495287.png","contentUrl":"https:\/\/johannesreiner.com\/wp-content\/uploads\/2022\/09\/johannesreinercom-logo-banner-200x200-1-e1664295495287.png","width":150,"height":150,"caption":"johannesreiner.com"},"image":{"@id":"https:\/\/johannesreiner.com\/#\/schema\/logo\/image\/"},"sameAs":["https:\/\/www.instagram.com\/johannesreinerart\/"]}]}},"_links":{"self":[{"href":"https:\/\/johannesreiner.com\/index.php?rest_route=\/wp\/v2\/pages\/106"}],"collection":[{"href":"https:\/\/johannesreiner.com\/index.php?rest_route=\/wp\/v2\/pages"}],"about":[{"href":"https:\/\/johannesreiner.com\/index.php?rest_route=\/wp\/v2\/types\/page"}],"author":[{"embeddable":true,"href":"https:\/\/johannesreiner.com\/index.php?rest_route=\/wp\/v2\/users\/1"}],"replies":[{"embeddable":true,"href":"https:\/\/johannesreiner.com\/index.php?rest_route=%2Fwp%2Fv2%2Fcomments&post=106"}],"version-history":[{"count":20,"href":"https:\/\/johannesreiner.com\/index.php?rest_route=\/wp\/v2\/pages\/106\/revisions"}],"predecessor-version":[{"id":458,"href":"https:\/\/johannesreiner.com\/index.php?rest_route=\/wp\/v2\/pages\/106\/revisions\/458"}],"wp:attachment":[{"href":"https:\/\/johannesreiner.com\/index.php?rest_route=%2Fwp%2Fv2%2Fmedia&parent=106"}],"curies":[{"name":"wp","href":"https:\/\/api.w.org\/{rel}","templated":true}]}}